{"id":82,"date":"2021-03-26T12:18:18","date_gmt":"2021-03-26T11:18:18","guid":{"rendered":"https:\/\/mindshield.eu\/?page_id=82"},"modified":"2022-07-15T16:29:05","modified_gmt":"2022-07-15T14:29:05","slug":"formations","status":"publish","type":"page","link":"https:\/\/mindshield.eu\/index.php\/formations\/","title":{"rendered":"Formations"},"content":{"rendered":"\t\t<div data-elementor-type=\"wp-page\" data-elementor-id=\"82\" class=\"elementor elementor-82\" data-elementor-post-type=\"page\">\n\t\t\t\t\t\t<section class=\"elementor-section elementor-top-section elementor-element elementor-element-c082fe6 elementor-section-boxed elementor-section-height-default elementor-section-height-default\" data-id=\"c082fe6\" data-element_type=\"section\" data-e-type=\"section\">\n\t\t\t\t\t\t<div class=\"elementor-container elementor-column-gap-default\">\n\t\t\t\t\t<div class=\"elementor-column elementor-col-100 elementor-top-column elementor-element elementor-element-7b26e95\" data-id=\"7b26e95\" data-element_type=\"column\" data-e-type=\"column\">\n\t\t\t<div class=\"elementor-widget-wrap elementor-element-populated\">\n\t\t\t\t\t\t<div class=\"elementor-element elementor-element-d1f024d elementor-widget elementor-widget-heading\" data-id=\"d1f024d\" data-element_type=\"widget\" data-e-type=\"widget\" data-widget_type=\"heading.default\">\n\t\t\t\t<div class=\"elementor-widget-container\">\n\t\t\t\t\t<h2 class=\"elementor-heading-title elementor-size-default\">Formations<\/h2>\t\t\t\t<\/div>\n\t\t\t\t<\/div>\n\t\t\t\t<div class=\"elementor-element elementor-element-6f85258 elementor-widget elementor-widget-text-editor\" data-id=\"6f85258\" data-element_type=\"widget\" data-e-type=\"widget\" data-widget_type=\"text-editor.default\">\n\t\t\t\t<div class=\"elementor-widget-container\">\n\t\t\t\t\t\t\t\t\t<p>Avec son partenaire Ascent Formation, <b class=\"MindShield\">MindShield\u00a0<\/b>vous propose des formations certifiantes finan\u00e7ables par le compte CPF. <b class=\"MindShield\">MindShield\u00a0<\/b>propose des sessions de sensibilisations interactives, des formations g\u00e9n\u00e9ralistes \u00e0 destination des non experts afin qu&#8217;ils maitrisent les enjeux de la cybers\u00e9curit\u00e9, ainsi que des formations techniques pouss\u00e9es destin\u00e9es aux experts du milieu. Les programmes de formation sont ici :\u00a0<a style=\"font-size: 18px; font-family: var( --e-global-typography-text-font-family ), Sans-serif; font-weight: var( --e-global-typography-text-font-weight );\" href=\"https:\/\/ascent-formation.fr\/cybersecurite\/\" target=\"_blank\" rel=\"noopener\">https:\/\/ascent-formation.fr\/cybersecurite\/<\/a><\/p>\t\t\t\t\t\t\t\t<\/div>\n\t\t\t\t<\/div>\n\t\t\t\t\t<\/div>\n\t\t<\/div>\n\t\t\t\t\t<\/div>\n\t\t<\/section>\n\t\t\t\t<section class=\"elementor-section elementor-top-section elementor-element elementor-element-8f97f66 elementor-section-boxed elementor-section-height-default elementor-section-height-default\" data-id=\"8f97f66\" data-element_type=\"section\" data-e-type=\"section\">\n\t\t\t\t\t\t<div class=\"elementor-container elementor-column-gap-default\">\n\t\t\t\t\t<div class=\"elementor-column elementor-col-100 elementor-top-column elementor-element elementor-element-bdd4b8b\" data-id=\"bdd4b8b\" data-element_type=\"column\" data-e-type=\"column\">\n\t\t\t<div class=\"elementor-widget-wrap elementor-element-populated\">\n\t\t\t\t\t\t<div class=\"elementor-element elementor-element-322b460 elementor-align-center elementor-widget elementor-widget-button\" data-id=\"322b460\" data-element_type=\"widget\" data-e-type=\"widget\" data-widget_type=\"button.default\">\n\t\t\t\t<div class=\"elementor-widget-container\">\n\t\t\t\t\t\t\t\t\t<div class=\"elementor-button-wrapper\">\n\t\t\t\t\t<a class=\"elementor-button elementor-button-link elementor-size-sm\" href=\"\/\">\n\t\t\t\t\t\t<span class=\"elementor-button-content-wrapper\">\n\t\t\t\t\t\t\t\t\t<span class=\"elementor-button-text\">Retour<\/span>\n\t\t\t\t\t<\/span>\n\t\t\t\t\t<\/a>\n\t\t\t\t<\/div>\n\t\t\t\t\t\t\t\t<\/div>\n\t\t\t\t<\/div>\n\t\t\t\t\t<\/div>\n\t\t<\/div>\n\t\t\t\t\t<\/div>\n\t\t<\/section>\n\t\t\t\t<\/div>\n\t\t","protected":false},"excerpt":{"rendered":"<p>Formations Avec son partenaire Ascent Formation, MindShield\u00a0vous propose des formations certifiantes finan\u00e7ables par le compte CPF. MindShield\u00a0propose des sessions de sensibilisations interactives, des formations g\u00e9n\u00e9ralistes \u00e0 destination des non experts afin qu&#8217;ils maitrisent les enjeux de la cybers\u00e9curit\u00e9, ainsi que des formations techniques pouss\u00e9es destin\u00e9es aux experts du milieu. Les programmes de formation sont ici&hellip; <br \/> <a class=\"button small blue\" href=\"https:\/\/mindshield.eu\/index.php\/formations\/\">Read more<\/a><\/p>\n","protected":false},"author":2,"featured_media":0,"parent":0,"menu_order":0,"comment_status":"closed","ping_status":"closed","template":"","meta":{"footnotes":""},"class_list":["post-82","page","type-page","status-publish","hentry"],"_links":{"self":[{"href":"https:\/\/mindshield.eu\/index.php\/wp-json\/wp\/v2\/pages\/82","targetHints":{"allow":["GET"]}}],"collection":[{"href":"https:\/\/mindshield.eu\/index.php\/wp-json\/wp\/v2\/pages"}],"about":[{"href":"https:\/\/mindshield.eu\/index.php\/wp-json\/wp\/v2\/types\/page"}],"author":[{"embeddable":true,"href":"https:\/\/mindshield.eu\/index.php\/wp-json\/wp\/v2\/users\/2"}],"replies":[{"embeddable":true,"href":"https:\/\/mindshield.eu\/index.php\/wp-json\/wp\/v2\/comments?post=82"}],"version-history":[{"count":10,"href":"https:\/\/mindshield.eu\/index.php\/wp-json\/wp\/v2\/pages\/82\/revisions"}],"predecessor-version":[{"id":480,"href":"https:\/\/mindshield.eu\/index.php\/wp-json\/wp\/v2\/pages\/82\/revisions\/480"}],"wp:attachment":[{"href":"https:\/\/mindshield.eu\/index.php\/wp-json\/wp\/v2\/media?parent=82"}],"curies":[{"name":"wp","href":"https:\/\/api.w.org\/{rel}","templated":true}]}}