{"id":77,"date":"2021-03-26T12:17:41","date_gmt":"2021-03-26T11:17:41","guid":{"rendered":"https:\/\/mindshield.eu\/?page_id=77"},"modified":"2022-07-15T16:11:15","modified_gmt":"2022-07-15T14:11:15","slug":"accompagnement-personnalise","status":"publish","type":"page","link":"https:\/\/mindshield.eu\/index.php\/accompagnement-personnalise\/","title":{"rendered":"Accompagnement personnalis\u00e9"},"content":{"rendered":"\t\t<div data-elementor-type=\"wp-page\" data-elementor-id=\"77\" class=\"elementor elementor-77\" data-elementor-post-type=\"page\">\n\t\t\t\t\t\t<section class=\"elementor-section elementor-top-section elementor-element elementor-element-3b2281c elementor-section-boxed elementor-section-height-default elementor-section-height-default\" data-id=\"3b2281c\" data-element_type=\"section\" data-e-type=\"section\">\n\t\t\t\t\t\t<div class=\"elementor-container elementor-column-gap-default\">\n\t\t\t\t\t<div class=\"elementor-column elementor-col-100 elementor-top-column elementor-element elementor-element-d40d197\" data-id=\"d40d197\" data-element_type=\"column\" data-e-type=\"column\">\n\t\t\t<div class=\"elementor-widget-wrap elementor-element-populated\">\n\t\t\t\t\t\t<div class=\"elementor-element elementor-element-fb441e2 elementor-widget elementor-widget-heading\" data-id=\"fb441e2\" data-element_type=\"widget\" data-e-type=\"widget\" data-widget_type=\"heading.default\">\n\t\t\t\t<div class=\"elementor-widget-container\">\n\t\t\t\t\t<h2 class=\"elementor-heading-title elementor-size-default\">Accompagnement personnalis\u00e9<\/h2>\t\t\t\t<\/div>\n\t\t\t\t<\/div>\n\t\t\t\t<div class=\"elementor-element elementor-element-f69f03b elementor-widget elementor-widget-text-editor\" data-id=\"f69f03b\" data-element_type=\"widget\" data-e-type=\"widget\" data-widget_type=\"text-editor.default\">\n\t\t\t\t<div class=\"elementor-widget-container\">\n\t\t\t\t\t\t\t\t\t<p><b>MindShield&nbsp;<\/b>vous accompagne en fonction de vos besoins et peut construire une prestation sur mesure pour vous convenir parfaitement. Que vous ayez besoin d&#8217;un RSSI&nbsp;(Responsable S\u00e9curit\u00e9 des Syst\u00e8mes d&#8217;Information) \u00e0 temps partiel, d&#8217;une expertise dans le cadre d&#8217;un appel d&#8217;offre ou dans le design d&#8217;une solution innovante, ou m\u00eame d&#8217;un renfort \u00e0 temps plein pour votre \u00e9quipe, <b>MindShield&nbsp;<\/b>met \u00e0 votre disposition ses meilleurs experts dans le domaine.&nbsp;<\/p>\t\t\t\t\t\t\t\t<\/div>\n\t\t\t\t<\/div>\n\t\t\t\t\t<\/div>\n\t\t<\/div>\n\t\t\t\t\t<\/div>\n\t\t<\/section>\n\t\t\t\t<section class=\"elementor-section elementor-top-section elementor-element elementor-element-db1a8ba elementor-section-boxed elementor-section-height-default elementor-section-height-default\" data-id=\"db1a8ba\" data-element_type=\"section\" data-e-type=\"section\">\n\t\t\t\t\t\t<div class=\"elementor-container elementor-column-gap-default\">\n\t\t\t\t\t<div class=\"elementor-column elementor-col-100 elementor-top-column elementor-element elementor-element-6bb2768\" data-id=\"6bb2768\" data-element_type=\"column\" data-e-type=\"column\">\n\t\t\t<div class=\"elementor-widget-wrap elementor-element-populated\">\n\t\t\t\t\t\t<div class=\"elementor-element elementor-element-c5d188e elementor-align-center elementor-widget elementor-widget-button\" data-id=\"c5d188e\" data-element_type=\"widget\" data-e-type=\"widget\" data-widget_type=\"button.default\">\n\t\t\t\t<div class=\"elementor-widget-container\">\n\t\t\t\t\t\t\t\t\t<div class=\"elementor-button-wrapper\">\n\t\t\t\t\t<a class=\"elementor-button elementor-button-link elementor-size-sm\" href=\"\/\">\n\t\t\t\t\t\t<span class=\"elementor-button-content-wrapper\">\n\t\t\t\t\t\t\t\t\t<span class=\"elementor-button-text\">Retour<\/span>\n\t\t\t\t\t<\/span>\n\t\t\t\t\t<\/a>\n\t\t\t\t<\/div>\n\t\t\t\t\t\t\t\t<\/div>\n\t\t\t\t<\/div>\n\t\t\t\t\t<\/div>\n\t\t<\/div>\n\t\t\t\t\t<\/div>\n\t\t<\/section>\n\t\t\t\t<\/div>\n\t\t","protected":false},"excerpt":{"rendered":"<p>Accompagnement personnalis\u00e9 MindShield&nbsp;vous accompagne en fonction de vos besoins et peut construire une prestation sur mesure pour vous convenir parfaitement. Que vous ayez besoin d&#8217;un RSSI&nbsp;(Responsable S\u00e9curit\u00e9 des Syst\u00e8mes d&#8217;Information) \u00e0 temps partiel, d&#8217;une expertise dans le cadre d&#8217;un appel d&#8217;offre ou dans le design d&#8217;une solution innovante, ou m\u00eame d&#8217;un renfort \u00e0 temps plein&hellip; <br \/> <a class=\"button small blue\" href=\"https:\/\/mindshield.eu\/index.php\/accompagnement-personnalise\/\">Read more<\/a><\/p>\n","protected":false},"author":2,"featured_media":0,"parent":0,"menu_order":0,"comment_status":"closed","ping_status":"closed","template":"","meta":{"footnotes":""},"class_list":["post-77","page","type-page","status-publish","hentry"],"_links":{"self":[{"href":"https:\/\/mindshield.eu\/index.php\/wp-json\/wp\/v2\/pages\/77","targetHints":{"allow":["GET"]}}],"collection":[{"href":"https:\/\/mindshield.eu\/index.php\/wp-json\/wp\/v2\/pages"}],"about":[{"href":"https:\/\/mindshield.eu\/index.php\/wp-json\/wp\/v2\/types\/page"}],"author":[{"embeddable":true,"href":"https:\/\/mindshield.eu\/index.php\/wp-json\/wp\/v2\/users\/2"}],"replies":[{"embeddable":true,"href":"https:\/\/mindshield.eu\/index.php\/wp-json\/wp\/v2\/comments?post=77"}],"version-history":[{"count":10,"href":"https:\/\/mindshield.eu\/index.php\/wp-json\/wp\/v2\/pages\/77\/revisions"}],"predecessor-version":[{"id":464,"href":"https:\/\/mindshield.eu\/index.php\/wp-json\/wp\/v2\/pages\/77\/revisions\/464"}],"wp:attachment":[{"href":"https:\/\/mindshield.eu\/index.php\/wp-json\/wp\/v2\/media?parent=77"}],"curies":[{"name":"wp","href":"https:\/\/api.w.org\/{rel}","templated":true}]}}