{"id":55,"date":"2021-03-26T12:06:02","date_gmt":"2021-03-26T11:06:02","guid":{"rendered":"https:\/\/mindshield.eu\/?page_id=55"},"modified":"2021-12-12T16:38:34","modified_gmt":"2021-12-12T15:38:34","slug":"test-dintrusion","status":"publish","type":"page","link":"https:\/\/mindshield.eu\/index.php\/test-dintrusion\/","title":{"rendered":"Test d&#8217;intrusion"},"content":{"rendered":"\t\t<div data-elementor-type=\"wp-page\" data-elementor-id=\"55\" class=\"elementor elementor-55\" data-elementor-post-type=\"page\">\n\t\t\t\t\t\t<section class=\"elementor-section elementor-top-section elementor-element elementor-element-0fc6160 elementor-section-boxed elementor-section-height-default elementor-section-height-default\" data-id=\"0fc6160\" data-element_type=\"section\" data-e-type=\"section\">\n\t\t\t\t\t\t<div class=\"elementor-container elementor-column-gap-default\">\n\t\t\t\t\t<div class=\"elementor-column elementor-col-100 elementor-top-column elementor-element elementor-element-adfc88a\" data-id=\"adfc88a\" data-element_type=\"column\" data-e-type=\"column\">\n\t\t\t<div class=\"elementor-widget-wrap elementor-element-populated\">\n\t\t\t\t\t\t<div class=\"elementor-element elementor-element-0d86636 elementor-widget elementor-widget-heading\" data-id=\"0d86636\" data-element_type=\"widget\" data-e-type=\"widget\" data-widget_type=\"heading.default\">\n\t\t\t\t<div class=\"elementor-widget-container\">\n\t\t\t\t\t<h2 class=\"elementor-heading-title elementor-size-default\">Test d'intrusion<\/h2>\t\t\t\t<\/div>\n\t\t\t\t<\/div>\n\t\t\t\t<div class=\"elementor-element elementor-element-1187056 elementor-widget elementor-widget-text-editor\" data-id=\"1187056\" data-element_type=\"widget\" data-e-type=\"widget\" data-widget_type=\"text-editor.default\">\n\t\t\t\t<div class=\"elementor-widget-container\">\n\t\t\t\t\t\t\t\t\t<p>Le test d\u2019intrusion est au c\u0153ur de m\u00e9tier et d\u2019expertise de <b class=\"MindShield\">MindShield<\/b>. Contrairement \u00e0 un audit, dont l\u2019objectif est de valider la conformit\u00e9 \u00e0 une politique, le test d\u2019intrusion mesure le risque associ\u00e9 \u00e0 un syst\u00e8me d\u2019information en simulant des conditions d\u2019attaque r\u00e9alistes.<\/p>\n<p>La particularit\u00e9 du test d\u2019intrusion r\u00e9side dans son objectif premier : \u00e9valuer efficacement le risque associ\u00e9 \u00e0 un syst\u00e8me de traitement de l\u2019information et identifier des pistes pour le r\u00e9duire significativement. Dans cette optique, le consultant menant un test d\u2019intrusion adopte temporairement la posture d\u2019un attaquant r\u00e9el et s\u2019efforce de reproduire la d\u00e9marche et les techniques d\u2019un v\u00e9ritable individu malveillant. Gr\u00e2ce \u00e0 cette approche, le test d\u2019intrusion permet d\u2019identifier un maximum de vuln\u00e9rabilit\u00e9s susceptibles d\u2019\u00eatre exploit\u00e9es ainsi que les sc\u00e9narios probables menant \u00e0 une compromission du syst\u00e8me d\u2019information.<\/p>\n<p>Le rapport de test d\u2019intrusion fournit l\u2019ensemble des d\u00e9tails requis pour reproduire les situations \u00e0 risque, l\u2019analyse du risque \u00e9tablie par le consultant ainsi que l\u2019ensemble des recommandations n\u00e9cessaires \u00e0 la mise en place d\u2019un plan d\u2019action. Il s\u2019inscrit donc directement dans le processus de gestion du risque et encourage les contremesures efficaces et pragmatiques afin d\u2019abaisser rapidement le risque \u00e0 un niveau acceptable par le client ou la r\u00e8glementation.<\/p>\t\t\t\t\t\t\t\t<\/div>\n\t\t\t\t<\/div>\n\t\t\t\t\t<\/div>\n\t\t<\/div>\n\t\t\t\t\t<\/div>\n\t\t<\/section>\n\t\t\t\t<section class=\"elementor-section elementor-top-section elementor-element elementor-element-080c386 elementor-section-boxed elementor-section-height-default elementor-section-height-default\" data-id=\"080c386\" data-element_type=\"section\" data-e-type=\"section\">\n\t\t\t\t\t\t<div class=\"elementor-container elementor-column-gap-default\">\n\t\t\t\t\t<div class=\"elementor-column elementor-col-100 elementor-top-column elementor-element elementor-element-1017d26\" data-id=\"1017d26\" data-element_type=\"column\" data-e-type=\"column\">\n\t\t\t<div class=\"elementor-widget-wrap elementor-element-populated\">\n\t\t\t\t\t\t<div class=\"elementor-element elementor-element-613a4cf elementor-align-center elementor-widget elementor-widget-button\" data-id=\"613a4cf\" data-element_type=\"widget\" data-e-type=\"widget\" data-widget_type=\"button.default\">\n\t\t\t\t<div class=\"elementor-widget-container\">\n\t\t\t\t\t\t\t\t\t<div class=\"elementor-button-wrapper\">\n\t\t\t\t\t<a class=\"elementor-button elementor-button-link elementor-size-sm\" href=\"\/\">\n\t\t\t\t\t\t<span class=\"elementor-button-content-wrapper\">\n\t\t\t\t\t\t\t\t\t<span class=\"elementor-button-text\">Retour<\/span>\n\t\t\t\t\t<\/span>\n\t\t\t\t\t<\/a>\n\t\t\t\t<\/div>\n\t\t\t\t\t\t\t\t<\/div>\n\t\t\t\t<\/div>\n\t\t\t\t\t<\/div>\n\t\t<\/div>\n\t\t\t\t\t<\/div>\n\t\t<\/section>\n\t\t\t\t<\/div>\n\t\t","protected":false},"excerpt":{"rendered":"<p>Test d&#8217;intrusion Le test d\u2019intrusion est au c\u0153ur de m\u00e9tier et d\u2019expertise de MindShield. Contrairement \u00e0 un audit, dont l\u2019objectif est de valider la conformit\u00e9 \u00e0 une politique, le test d\u2019intrusion mesure le risque associ\u00e9 \u00e0 un syst\u00e8me d\u2019information en simulant des conditions d\u2019attaque r\u00e9alistes. La particularit\u00e9 du test d\u2019intrusion r\u00e9side dans son objectif premier&hellip; <br \/> <a class=\"button small blue\" href=\"https:\/\/mindshield.eu\/index.php\/test-dintrusion\/\">Read more<\/a><\/p>\n","protected":false},"author":2,"featured_media":0,"parent":0,"menu_order":0,"comment_status":"closed","ping_status":"closed","template":"","meta":{"footnotes":""},"class_list":["post-55","page","type-page","status-publish","hentry"],"_links":{"self":[{"href":"https:\/\/mindshield.eu\/index.php\/wp-json\/wp\/v2\/pages\/55","targetHints":{"allow":["GET"]}}],"collection":[{"href":"https:\/\/mindshield.eu\/index.php\/wp-json\/wp\/v2\/pages"}],"about":[{"href":"https:\/\/mindshield.eu\/index.php\/wp-json\/wp\/v2\/types\/page"}],"author":[{"embeddable":true,"href":"https:\/\/mindshield.eu\/index.php\/wp-json\/wp\/v2\/users\/2"}],"replies":[{"embeddable":true,"href":"https:\/\/mindshield.eu\/index.php\/wp-json\/wp\/v2\/comments?post=55"}],"version-history":[{"count":8,"href":"https:\/\/mindshield.eu\/index.php\/wp-json\/wp\/v2\/pages\/55\/revisions"}],"predecessor-version":[{"id":391,"href":"https:\/\/mindshield.eu\/index.php\/wp-json\/wp\/v2\/pages\/55\/revisions\/391"}],"wp:attachment":[{"href":"https:\/\/mindshield.eu\/index.php\/wp-json\/wp\/v2\/media?parent=55"}],"curies":[{"name":"wp","href":"https:\/\/api.w.org\/{rel}","templated":true}]}}